{"id":182,"date":"2017-02-23T18:04:25","date_gmt":"2017-02-23T17:04:25","guid":{"rendered":"http:\/\/neu.ruf-ostercappeln-schwegerhoff.de\/?page_id=182"},"modified":"2023-10-19T17:09:49","modified_gmt":"2023-10-19T15:09:49","slug":"interessante-webseiten","status":"publish","type":"page","link":"https:\/\/www.ruf-ostercappeln-schwegerhoff.de\/?page_id=182","title":{"rendered":"Kontakt"},"content":{"rendered":"<h2><span class=\"contact-name\">Reit &#8211; und Fahrverein Ostercappeln-Schwegerhoff e.V.<\/span><\/h2>\n<p><span class=\"contact-street\">Schwegerhoffstra\u00dfe 7, <\/span> <span class=\"contact-suburb\"> Ostercappeln <\/span> <span class=\"contact-postcode\"> 49179 <\/span> <span class=\"contact-country\"> Deutschland <\/span><\/p>\n<div class=\"contact-contactinfo\">\n<p><span class=\"jicons-icons\">\u00a0E-Mail: <\/span><span class=\"contact-emailto\"><span id=\"cloak90940\"><a href=\"mailto:info@ruf-ostercappeln-schwegerhoff.de\">info@ruf-ostercappeln-schwegerhoff.de<\/a><\/span> <\/span><\/p>\n<p><span class=\"jicons-icons\">\u00a0Telefon: <\/span><span class=\"contact-telephone\">+49 5476 1402 <\/span><\/p>\n<p><span class=\"jicons-icons\">\u00a0Mobil: <\/span><span class=\"contact-mobile\">+49 174 9937 117<br \/>\n<\/span><\/p>\n<p><span class=\"contact-webpage\"> <a href=\"http:\/\/www.ruf-ostercappeln-schwegerhoff.de\" target=\"_blank\" rel=\"noopener\"> http:\/\/www.ruf-ostercappeln-schwegerhoff.de<\/a> <\/span><\/p>\n<p>Hier k\u00f6nnen Sie mit uns Kontakt aufnehmen, wir werden Ihnen baldm\u00f6glichst Antworten.<\/p>\n<p>Sie k\u00f6nnen auch gerne ein Spende f\u00fcr den Reiterverein\u00a0 auf unser Konto bei der Sparkasse Osnabr\u00fcck,<\/p>\n<p><b>IBAN:<\/b> DE96265501050006008098; <b>BIC:<\/b> NOLADE22XXX \u00fcberweisen.<\/p>\n<p>Vielen Dank<\/p>\n<p>&nbsp;<\/p>\n<\/div>\n<div class=\"ufbl-form-wrapper ufbl-default-template\" style=\"width:100%;\">\r\n    <form method=\"post\" action=\"\" class=\"ufbl-front-form\">\r\n\t\t<div class=\"ufbl-form-title\">Kontakt<\/div>\t\t\t\t<input type=\"hidden\" name=\"form_id\" value=\"1\" class=\"form-id\"\/>\r\n\t\t\t\t\t\t\t\t<div class=\"ufbl-form-field-wrap \" >\r\n\t\t\t\t\t\t\t<label>Anrede<\/label>\r\n\t\t\t\t\t\t\t<div class=\"ufbl-form-field\">\r\n\t\t\t\t\t\t\t\t<select name=\"ufbl_field_1\" class=\"ufbl-form-dropdown \" >\r\n\t\t\t\t\t\t\t\t\t\t\t\t\t\t\t\t\t\t\t\t<option value=\"Familie\">Familie<\/option>\r\n\t\t\t\t\t\t\t\t\t\t\t\t\t\t\t\t\t\t\t\t\t\t<option value=\"Frau\">Frau<\/option>\r\n\t\t\t\t\t\t\t\t\t\t\t\t\t\t\t\t\t\t\t\t\t\t<option value=\"Herr\">Herr<\/option>\r\n\t\t\t\t\t\t\t\t\t\t\t\t\t\t\t\t\t\t\t<\/select>\r\n\r\n\t\t\t\t\t\t\t\t<div class=\"ufbl-error\" data-error-key=\"ufbl_field_1\"><\/div>\r\n\t\t\t\t\t\t\t<\/div>\r\n\t\t\t\t\t\t<\/div>\r\n\t\t\t\t\t\t\t\t\t\t\t\t<div class=\"ufbl-form-field-wrap \" >\r\n\t\t\t\t\t\t\t<label>Vorname<\/label>\r\n\t\t\t\t\t\t\t<div class=\"ufbl-form-field\">\r\n\t\t\t\t\t\t\t\t<input type=\"text\" name=\"ufbl_field_2\" class=\"ufbl-form-textfield ufbl-required\" data-max-chars=\"\" data-min-chars=\"\" data-error-message=\"Bitte ausf\u00fcllen\" placeholder=\"Ihr Name\" value=\"\"\/>\r\n\t\t\t\t\t\t\t\t<div class=\"ufbl-error\"  data-error-key=\"ufbl_field_2\"><\/div>\r\n\t\t\t\t\t\t\t<\/div>\r\n\t\t\t\t\t\t<\/div>\r\n\t\t\t\t\t\t\t\t\t\t\t\t<div class=\"ufbl-form-field-wrap \" >\r\n\t\t\t\t\t\t\t<label>Name<\/label>\r\n\t\t\t\t\t\t\t<div class=\"ufbl-form-field\">\r\n\t\t\t\t\t\t\t\t<input type=\"text\" name=\"ufbl_field_3\" class=\"ufbl-form-textfield ufbl-required\" data-max-chars=\"\" data-min-chars=\"\" data-error-message=\"Bitte ausw\u00e4hlen\" placeholder=\"Name\" value=\"\"\/>\r\n\t\t\t\t\t\t\t\t<div class=\"ufbl-error\"  data-error-key=\"ufbl_field_3\"><\/div>\r\n\t\t\t\t\t\t\t<\/div>\r\n\t\t\t\t\t\t<\/div>\r\n\t\t\t\t\t\t\t\t\t\t\t\t<div class=\"ufbl-form-field-wrap \" >\r\n\t\t\t\t\t\t\t<label>Adresse<\/label>\r\n\t\t\t\t\t\t\t<div class=\"ufbl-form-field\">\r\n\t\t\t\t\t\t\t\t<textarea name=\"ufbl_field_4\" class=\"ufbl-form-textarea ufbl-required\" data-max-chars=\"\" data-min-chars=\"\" data-error-message=\"Bitte ausf\u00fcllen\" rows=\"3\" cols=\"10\" placeholder=\"Ihre Adresse\"><\/textarea>\r\n\t\t\t\t\t\t\t\t<div class=\"ufbl-error\"  data-error-key=\"ufbl_field_4\"><\/div>\r\n\t\t\t\t\t\t\t<\/div>\r\n\t\t\t\t\t\t<\/div>\r\n\t\t\t\t\t\t\t\t\t\t\t\t<div class=\"ufbl-form-field-wrap \" >\r\n\t\t\t\t\t\t\t<label>Telefon<\/label>\r\n\t\t\t\t\t\t\t<div class=\"ufbl-form-field\">\r\n\t\t\t\t\t\t\t\t<input type=\"number\" name=\"ufbl_field_5\" class=\"ufbl-number-field \" data-error-message=\"Bitte ausf\u00fcllen\" placeholder=\"Telefon\" value=\"\" data-max-chars=\"\" data-min-chars=\"5\"\/>\r\n\t\t\t\t\t\t\t\t<div class=\"ufbl-error\" data-error-key=\"ufbl_field_5\"><\/div>\r\n\t\t\t\t\t\t\t<\/div>\r\n\t\t\t\t\t\t<\/div>\r\n\t\t\t\t\t\t\t\t\t\t\t\t<div class=\"ufbl-form-field-wrap email\" >\r\n\t\t\t\t\t\t\t<label>E_Mail<\/label>\r\n\t\t\t\t\t\t\t<div class=\"ufbl-form-field\">\r\n\t\t\t\t\t\t\t\t<input type=\"email\" name=\"ufbl_field_6\" class=\"ufbl-email-field ufbl-required\" data-error-message=\"\" placeholder=\"E-Mail Adesse\" value=\"\"\/>\r\n\t\t\t\t\t\t\t\t<div class=\"ufbl-error\"  data-error-key=\"ufbl_field_6\"><\/div>\r\n\t\t\t\t\t\t\t<\/div>\r\n\t\t\t\t\t\t<\/div>\r\n\t\t\t\t\t\t\t\t\t\t\t\t<div class=\"ufbl-form-field-wrap \" >\r\n\t\t\t\t\t\t\t<label>Anregungen \/ Bemerkungen<\/label>\r\n\t\t\t\t\t\t\t<div class=\"ufbl-form-field\">\r\n\t\t\t\t\t\t\t\t<textarea name=\"ufbl_field_7\" class=\"ufbl-form-textarea \" data-max-chars=\"\" data-min-chars=\"\" data-error-message=\"Bitte ausf\u00fcllen\" rows=\"5\" cols=\"10\" placeholder=\"Ihre Nachricht\"><\/textarea>\r\n\t\t\t\t\t\t\t\t<div class=\"ufbl-error\"  data-error-key=\"ufbl_field_7\"><\/div>\r\n\t\t\t\t\t\t\t<\/div>\r\n\t\t\t\t\t\t<\/div>\r\n\t\t\t\t\t\t\t\t\t\t\t\t<div class=\"ufbl-form-field-wrap \" >\r\n\t\t\t\t\t\t\t<label><\/label>\r\n\t\t\t\t\t\t\t<div class=\"ufbl-form-field\">\r\n\t\t\t\t\t\t\t\t\t\t\t\t\t\t\t\t\t<div class=\"ufbl-math-captcha-wrap\">\r\n\t\t\t\t\t\t\t\t\t\t<span class=\"ufbl-captcha-num\">6<\/span> + <span>2<\/span> = <input type=\"text\" name=\"ufbl_field_8\" class=\"ufbl-math-captcha-ans\" placeholder=\"Summe eintragen\"\/>\r\n\t\t\t\t\t\t\t\t\t\t<input type=\"hidden\" name=\"ufbl_field_8_num_1\" value=\"6\"\/>\r\n\t\t\t\t\t\t\t\t\t\t<input type=\"hidden\" name=\"ufbl_field_8_num_2\" value=\"2\"\/>\r\n\t\t\t\t\t\t\t\t\t<\/div>\r\n\t\t\t\t\t\t\t\t\r\n\t\t\t\t\t\t\t\t<div class=\"ufbl-error\" data-error-key=\"ufbl_field_8\"><\/div>\r\n\t\t\t\t\t\t\t<\/div>\r\n\t\t\t\t\t\t<\/div>\r\n\t\t\t\t\t\t\t\t\t\t\t\t<div class=\"ufbl-form-field-wrap \" >\r\n\t\t\t\t\t\t\t<label>Datenschutzerkl\u00e4rung<\/label>\r\n\t\t\t\t\t\t\t<div class=\"ufbl-form-field\">\r\n\t\t\t\t\t\t\t\t\t\t\t\t\t\t\t\t\t\t<div class=\"ufbl-sub-field-wrap\"><input type=\"checkbox\" value=\"Ich habe die Datenschutzerkl\u00e4rung zur Kenntnis genommen. Ich stimme zu, dass meine Angaben und Daten zur Beantwortung meiner Anfrage elektronisch erhoben und gespeichert werden.\" name=\"ufbl_field_10[]\" class=\"ufbl-form-checkbox ufbl-required\" id=\"1-ufbl_field_10-0\"\/><label for=\"1-ufbl_field_10-0\">Ich habe die Datenschutzerkl\u00e4rung zur Kenntnis genommen. Ich stimme zu, dass meine Angaben und Daten zur Beantwortung meiner Anfrage elektronisch erhoben und gespeichert werden.<\/label><\/div>\r\n\t\t\t\t\t\t\t\t\t\t\t\t\t\t\t\t\t\t<div class=\"ufbl-error\" data-error-key=\"ufbl_field_10\"><\/div>\r\n\t\t\t\t\t\t\t<\/div>\r\n\t\t\t\t\t\t<\/div>\r\n\t\t\t\t\t\t\t\t\t\t\t\t<div class=\"ufbl-form-field-wrap \" >\r\n\t\t\t\t\t\t\t<div class=\"ufbl-form-field\">\r\n\t\t\t\t\t\t\t\t<input type=\"submit\" class=\"ufbl-form-submit\" name=\"ufbl_field_9\" value=\"Best\u00e4tigung\"\/>\r\n\t\t\t\t\t\t\t\t\t\t\t\t\t\t\t\t<input type=\"reset\" class=\"ufbl-form-reset\" value=\"Reset\"\/>\r\n\t\t\t\t\t\t\t\t\t\t\t\t\t\t\t\t<span class=\"ufbl-form-loader\" style=\"display:none\"><\/span>\r\n\t\t\t\t\t\t\t<\/div>\r\n\t\t\t\t\t\t<\/div>\r\n\t\t\t\t\t\t\t\t<div class=\"ufbl-form-message\" style=\"display: none;\"><\/div>\r\n\r\n\t\t\t<\/form>\r\n\r\n<\/div>\r\n\r\n\n","protected":false},"excerpt":{"rendered":"<p>Reit &#8211; und Fahrverein Ostercappeln-Schwegerhoff e.V. Schwegerhoffstra\u00dfe 7, Ostercappeln 49179 Deutschland \u00a0E-Mail: info@ruf-ostercappeln-schwegerhoff.de \u00a0Telefon: +49 5476 1402 \u00a0Mobil: +49 174 9937 117 http:\/\/www.ruf-ostercappeln-schwegerhoff.de Hier k\u00f6nnen Sie mit uns Kontakt aufnehmen, wir werden Ihnen baldm\u00f6glichst Antworten. Sie k\u00f6nnen auch gerne ein Spende f\u00fcr den Reiterverein\u00a0 auf unser Konto bei der Sparkasse Osnabr\u00fcck, IBAN: DE96265501050006008098; BIC: NOLADE22XXX&hellip; <br \/> <a class=\"read-more\" href=\"https:\/\/www.ruf-ostercappeln-schwegerhoff.de\/?page_id=182\">Weiterlesen<\/a><\/p>\n","protected":false},"author":4,"featured_media":0,"parent":0,"menu_order":0,"comment_status":"closed","ping_status":"closed","template":"","meta":{"footnotes":""},"class_list":["post-182","page","type-page","status-publish","hentry"],"_links":{"self":[{"href":"https:\/\/www.ruf-ostercappeln-schwegerhoff.de\/index.php?rest_route=\/wp\/v2\/pages\/182","targetHints":{"allow":["GET"]}}],"collection":[{"href":"https:\/\/www.ruf-ostercappeln-schwegerhoff.de\/index.php?rest_route=\/wp\/v2\/pages"}],"about":[{"href":"https:\/\/www.ruf-ostercappeln-schwegerhoff.de\/index.php?rest_route=\/wp\/v2\/types\/page"}],"author":[{"embeddable":true,"href":"https:\/\/www.ruf-ostercappeln-schwegerhoff.de\/index.php?rest_route=\/wp\/v2\/users\/4"}],"replies":[{"embeddable":true,"href":"https:\/\/www.ruf-ostercappeln-schwegerhoff.de\/index.php?rest_route=%2Fwp%2Fv2%2Fcomments&post=182"}],"version-history":[{"count":6,"href":"https:\/\/www.ruf-ostercappeln-schwegerhoff.de\/index.php?rest_route=\/wp\/v2\/pages\/182\/revisions"}],"predecessor-version":[{"id":914,"href":"https:\/\/www.ruf-ostercappeln-schwegerhoff.de\/index.php?rest_route=\/wp\/v2\/pages\/182\/revisions\/914"}],"wp:attachment":[{"href":"https:\/\/www.ruf-ostercappeln-schwegerhoff.de\/index.php?rest_route=%2Fwp%2Fv2%2Fmedia&parent=182"}],"curies":[{"name":"wp","href":"https:\/\/api.w.org\/{rel}","templated":true}]}}