{"id":67,"date":"2017-02-19T17:14:31","date_gmt":"2017-02-19T16:14:31","guid":{"rendered":"http:\/\/neu.ruf-ostercappeln-schwegerhoff.de\/?page_id=67"},"modified":"2023-05-31T09:41:22","modified_gmt":"2023-05-31T07:41:22","slug":"startseite","status":"publish","type":"page","link":"https:\/\/www.ruf-ostercappeln-schwegerhoff.de\/","title":{"rendered":"Startseite"},"content":{"rendered":"<p>&nbsp;<\/p>\n<h1 style=\"text-align: center;\">Hallo und herzlich willkommen auf unserer Internetseite<\/h1>\n<p><a href=\"http:\/\/neu.ruf-ostercappeln-schwegerhoff.de\/wp-content\/uploads\/2017\/02\/cropped-DSC02219.jpg\"><img loading=\"lazy\" decoding=\"async\" class=\"aligncenter wp-image-27 size-large\" src=\"https:\/\/www.ruf-ostercappeln-schwegerhoff.de\/wp-content\/uploads\/2017\/02\/cropped-DSC02219-1024x614.jpg\" alt=\"\" width=\"750\" height=\"450\" srcset=\"https:\/\/www.ruf-ostercappeln-schwegerhoff.de\/wp-content\/uploads\/2017\/02\/cropped-DSC02219-1024x614.jpg 1024w, https:\/\/www.ruf-ostercappeln-schwegerhoff.de\/wp-content\/uploads\/2017\/02\/cropped-DSC02219-300x180.jpg 300w, https:\/\/www.ruf-ostercappeln-schwegerhoff.de\/wp-content\/uploads\/2017\/02\/cropped-DSC02219-768x460.jpg 768w, https:\/\/www.ruf-ostercappeln-schwegerhoff.de\/wp-content\/uploads\/2017\/02\/cropped-DSC02219-600x360.jpg 600w, https:\/\/www.ruf-ostercappeln-schwegerhoff.de\/wp-content\/uploads\/2017\/02\/cropped-DSC02219.jpg 2000w\" sizes=\"auto, (max-width: 750px) 100vw, 750px\" \/><\/a><\/p>\n<p>Den Mitgliedern stehen eine Reithalle mit einem Aufenthaltsraum, ein Au\u00dfenreitplatz und ein separater Au\u00dfenspringplatz zur Verf\u00fcgung. Alle vier Jahre findet auf dem Gel\u00e4nde des Gutes ein Dressur- und Springturnier mit Kreismeisterschaften statt. Reitertage und ein Tag der offenen T\u00fcr sind ebenfalls j\u00e4hrlich wiederkehrende Programmpunkte des Vereins.<\/p>\n<h2 style=\"text-align: center;\"><\/h2>\n","protected":false},"excerpt":{"rendered":"<p>&nbsp; Hallo und herzlich willkommen auf unserer Internetseite Den Mitgliedern stehen eine Reithalle mit einem Aufenthaltsraum, ein Au\u00dfenreitplatz und ein separater Au\u00dfenspringplatz zur Verf\u00fcgung. Alle vier Jahre findet auf dem Gel\u00e4nde des Gutes ein Dressur- und Springturnier mit Kreismeisterschaften statt. Reitertage und ein Tag der offenen T\u00fcr sind ebenfalls j\u00e4hrlich wiederkehrende Programmpunkte des Vereins.<\/p>\n","protected":false},"author":4,"featured_media":0,"parent":0,"menu_order":0,"comment_status":"closed","ping_status":"closed","template":"page-templates\/page-with-right-sidebar.php","meta":{"footnotes":""},"class_list":["post-67","page","type-page","status-publish","hentry"],"_links":{"self":[{"href":"https:\/\/www.ruf-ostercappeln-schwegerhoff.de\/index.php?rest_route=\/wp\/v2\/pages\/67","targetHints":{"allow":["GET"]}}],"collection":[{"href":"https:\/\/www.ruf-ostercappeln-schwegerhoff.de\/index.php?rest_route=\/wp\/v2\/pages"}],"about":[{"href":"https:\/\/www.ruf-ostercappeln-schwegerhoff.de\/index.php?rest_route=\/wp\/v2\/types\/page"}],"author":[{"embeddable":true,"href":"https:\/\/www.ruf-ostercappeln-schwegerhoff.de\/index.php?rest_route=\/wp\/v2\/users\/4"}],"replies":[{"embeddable":true,"href":"https:\/\/www.ruf-ostercappeln-schwegerhoff.de\/index.php?rest_route=%2Fwp%2Fv2%2Fcomments&post=67"}],"version-history":[{"count":16,"href":"https:\/\/www.ruf-ostercappeln-schwegerhoff.de\/index.php?rest_route=\/wp\/v2\/pages\/67\/revisions"}],"predecessor-version":[{"id":904,"href":"https:\/\/www.ruf-ostercappeln-schwegerhoff.de\/index.php?rest_route=\/wp\/v2\/pages\/67\/revisions\/904"}],"wp:attachment":[{"href":"https:\/\/www.ruf-ostercappeln-schwegerhoff.de\/index.php?rest_route=%2Fwp%2Fv2%2Fmedia&parent=67"}],"curies":[{"name":"wp","href":"https:\/\/api.w.org\/{rel}","templated":true}]}}